{"id":4311,"date":"2025-10-15T09:00:23","date_gmt":"2025-10-15T07:00:23","guid":{"rendered":"https:\/\/www.isoband.be\/?post_type=product&#038;p=4311"},"modified":"2025-10-27T13:49:26","modified_gmt":"2025-10-27T12:49:26","slug":"luchtkussen-enveloppen-220-x-265mm","status":"publish","type":"product","link":"https:\/\/www.isoband.be\/fr\/produit\/luchtkussen-enveloppen-220-x-265mm\/","title":{"rendered":"Enveloppes \u00e0 coussin d'air - 220 x 265 mm (int\u00e9rieur)"},"content":{"rendered":"<h5><span style=\"color: #a03033;\"><span style=\"color: #808080;\">Enveloppes \u00e0 coussin d'air, \u00e0 quoi servent-elles ?<\/span><br \/>\nEnveloppes absorbant les chocs.<\/span><br \/>\n<span style=\"color: #a03033;\"> Pour l'envoi d'articles fragiles ou pr\u00e9cieux.<\/span><\/h5>\n<p>&nbsp;<\/p>\n<h5>BLANC = STANDARD (BRUN SUR DEMANDE)<\/h5>","protected":false},"excerpt":{"rendered":"<h5><span style=\"color: #808080;\">DOUBL\u00c9 D'UN FILM \u00c0 BULLES<\/span><br \/>\n<span style=\"color: #808080;\"> PEUVENT \u00caTRE RECYCL\u00c9S S\u00c9PAR\u00c9MENT<\/span><br \/>\n<span style=\"color: #808080;\"> FERMETURE ADH\u00c9SIVE<\/span><\/h5>\n<h5><span style=\"color: #a03033;\">Besoin d'autres dimensions ? <a style=\"color: #be1b2e;\" href=\"https:\/\/www.isoband.be\/fr\/commander-en-ligne\/emballage\/enveloppes-demballage\/enveloppe-papier-bulle\/\">CLIQUEZ ICI<\/a><\/span><\/h5>","protected":false},"featured_media":4128,"template":"","meta":{"rank_math_lock_modified_date":false},"product_cat":[527],"product_tag":[],"product_shipping_class":[],"class_list":{"0":"post-4311","1":"product","2":"type-product","3":"status-publish","4":"has-post-thumbnail","6":"product_cat-enveloppenbubbelfolie","8":"first","9":"instock","10":"taxable","11":"shipping-taxable","12":"purchasable","13":"product-type-variable"},"acf":[],"price":"20.40","price_html":null,"product_type":"variable","stock":"instock","image":"<img width=\"300\" height=\"300\" src=\"https:\/\/www.isoband.be\/wp-content\/uploads\/2025\/06\/AIRKRAFT-BAG-IN-BAG-300x300.jpg\" class=\"attachment-woocommerce_thumbnail size-woocommerce_thumbnail\" alt=\"Luchtkussen Enveloppen kopen? Bij ISOBAND ben je aan het juiste adres!\" decoding=\"async\" srcset=\"https:\/\/www.isoband.be\/wp-content\/uploads\/2025\/06\/AIRKRAFT-BAG-IN-BAG-300x300.jpg 300w, https:\/\/www.isoband.be\/wp-content\/uploads\/2025\/06\/AIRKRAFT-BAG-IN-BAG-800x800.jpg 800w, https:\/\/www.isoband.be\/wp-content\/uploads\/2025\/06\/AIRKRAFT-BAG-IN-BAG-100x100.jpg 100w\" sizes=\"(max-width: 300px) 100vw, 300px\" \/>","quantity":1,"_links":{"self":[{"href":"https:\/\/www.isoband.be\/fr\/wp-json\/wp\/v2\/product\/4311","targetHints":{"allow":["GET"]}}],"collection":[{"href":"https:\/\/www.isoband.be\/fr\/wp-json\/wp\/v2\/product"}],"about":[{"href":"https:\/\/www.isoband.be\/fr\/wp-json\/wp\/v2\/types\/product"}],"wp:featuredmedia":[{"embeddable":true,"href":"https:\/\/www.isoband.be\/fr\/wp-json\/wp\/v2\/media\/4128"}],"wp:attachment":[{"href":"https:\/\/www.isoband.be\/fr\/wp-json\/wp\/v2\/media?parent=4311"}],"wp:term":[{"taxonomy":"product_cat","embeddable":true,"href":"https:\/\/www.isoband.be\/fr\/wp-json\/wp\/v2\/product_cat?post=4311"},{"taxonomy":"product_tag","embeddable":true,"href":"https:\/\/www.isoband.be\/fr\/wp-json\/wp\/v2\/product_tag?post=4311"},{"taxonomy":"product_shipping_class","embeddable":true,"href":"https:\/\/www.isoband.be\/fr\/wp-json\/wp\/v2\/product_shipping_class?post=4311"}],"curies":[{"name":"wp","href":"https:\/\/api.w.org\/{rel}","templated":true}]}}