{"id":4069,"date":"2026-04-15T09:00:01","date_gmt":"2026-04-15T07:00:01","guid":{"rendered":"https:\/\/www.isoband.be\/?post_type=product&#038;p=4069"},"modified":"2026-04-29T14:02:29","modified_gmt":"2026-04-29T12:02:29","slug":"3m-tape-dt17","status":"publish","type":"product","link":"https:\/\/www.isoband.be\/fr\/produit\/3m-tape-dt17\/","title":{"rendered":"3M TAPE DT17 | Ducttape SUPER DUTY | Dikte 420\u00b5m"},"content":{"rendered":"<h5 class=\"mds-font_paragraph MMM--gapBottom\"><span style=\"color: #808080;\">APPLICATIONS DE LA BANDE 3M DT17<\/span><br \/>\n<span style=\"color: #a03033;\">D\u00e9velopp\u00e9 \u00e0 l'origine pour les applications HVAC (chauffage, ventilation et climatisation), le ruban adh\u00e9sif pour conduits est aujourd'hui utilis\u00e9 pour toutes sortes d'applications dans les domaines de la maintenance, de la r\u00e9paration et de la construction.<br \/>\nConvient aux travaux les plus difficiles.<\/span><br \/>\n<span style=\"color: #a03033;\">L'adh\u00e9sif adh\u00e8re fermement \u00e0 une vari\u00e9t\u00e9 de substrats, y compris les plastiques, le verre et le b\u00e9ton scell\u00e9.<br \/>\nCe ruban est id\u00e9al pour les applications o\u00f9 la solidit\u00e9 et la r\u00e9sistance \u00e0 l'abrasion sont essentielles ou lorsque des surfaces couvertes doivent \u00eatre prot\u00e9g\u00e9es.<br \/>\nProtection contre les projections de sable l\u00e9g\u00e8res.<br \/>\nSuspension de films plastiques (y compris les plus lourds).<\/span><\/h5>","protected":false},"excerpt":{"rendered":"<h5><span style=\"color: #808080;\"><b><span style=\"color: #808080;\">3M TAPE DT17 PROPERTIES<br \/>\n<span style=\"color: #808080;\"><b><span style=\"color: #a03033;\">ADH\u00c9SION TR\u00c8S FORTE<br \/>\nLES BORDS ONT UNE FORCE D'ADH\u00c9RENCE PLUS FAIBLE, ILS RESTENT DONC PLUS PROPRES<br \/>\nRuban SUPER-\u00c9PAISSE 420\u00b5m<br \/>\nCOUCHE ADH\u00c9SIVE EN CAOUTCHOUC SYNTH\u00c9TIQUE ET NATUREL<br \/>\nDISPONIBLE EN NOIR UNIQUEMENT<\/span><\/b><\/span><\/span><\/b><\/span><\/h5>\n<h5><span style=\"color: #a03033;\">ACHETER D'AUTRES RUBANS ET MAT\u00c9RIAUX 3M ? <a href=\"https:\/\/www.isoband.be\/fr\/commander-en-ligne\/nos-marques\/nos-marques3m\/\">CLIQUEZ ICI<\/a><\/span><\/h5>","protected":false},"featured_media":4116,"template":"","meta":{"rank_math_lock_modified_date":false},"product_cat":[5690],"product_tag":[],"product_shipping_class":[],"class_list":{"0":"post-4069","1":"product","2":"type-product","3":"status-publish","4":"has-post-thumbnail","6":"product_cat-3m-ducttape","8":"first","9":"instock","10":"taxable","11":"shipping-taxable","12":"purchasable","13":"product-type-variable"},"acf":[],"price":"31.38","price_html":null,"product_type":"variable","stock":"instock","image":"<img width=\"300\" height=\"300\" src=\"https:\/\/www.isoband.be\/wp-content\/uploads\/2025\/06\/3M-DT17-300x300.jpg\" class=\"attachment-woocommerce_thumbnail size-woocommerce_thumbnail\" alt=\"3M TAPE DT17 kopen? Dan bent u bij ISOBAND aan het juiste adres! Niet voor de particulier.\" decoding=\"async\" srcset=\"https:\/\/www.isoband.be\/wp-content\/uploads\/2025\/06\/3M-DT17-300x300.jpg 300w, https:\/\/www.isoband.be\/wp-content\/uploads\/2025\/06\/3M-DT17-768x768.jpg 768w, https:\/\/www.isoband.be\/wp-content\/uploads\/2025\/06\/3M-DT17-1536x1536.jpg 1536w, https:\/\/www.isoband.be\/wp-content\/uploads\/2025\/06\/3M-DT17-800x800.jpg 800w, https:\/\/www.isoband.be\/wp-content\/uploads\/2025\/06\/3M-DT17-1600x1600.jpg 1600w, https:\/\/www.isoband.be\/wp-content\/uploads\/2025\/06\/3M-DT17-600x600.jpg 600w, https:\/\/www.isoband.be\/wp-content\/uploads\/2025\/06\/3M-DT17-100x100.jpg 100w, https:\/\/www.isoband.be\/wp-content\/uploads\/2025\/06\/3M-DT17.jpg 2000w\" sizes=\"(max-width: 300px) 100vw, 300px\" \/>","quantity":1,"_links":{"self":[{"href":"https:\/\/www.isoband.be\/fr\/wp-json\/wp\/v2\/product\/4069","targetHints":{"allow":["GET"]}}],"collection":[{"href":"https:\/\/www.isoband.be\/fr\/wp-json\/wp\/v2\/product"}],"about":[{"href":"https:\/\/www.isoband.be\/fr\/wp-json\/wp\/v2\/types\/product"}],"wp:featuredmedia":[{"embeddable":true,"href":"https:\/\/www.isoband.be\/fr\/wp-json\/wp\/v2\/media\/4116"}],"wp:attachment":[{"href":"https:\/\/www.isoband.be\/fr\/wp-json\/wp\/v2\/media?parent=4069"}],"wp:term":[{"taxonomy":"product_cat","embeddable":true,"href":"https:\/\/www.isoband.be\/fr\/wp-json\/wp\/v2\/product_cat?post=4069"},{"taxonomy":"product_tag","embeddable":true,"href":"https:\/\/www.isoband.be\/fr\/wp-json\/wp\/v2\/product_tag?post=4069"},{"taxonomy":"product_shipping_class","embeddable":true,"href":"https:\/\/www.isoband.be\/fr\/wp-json\/wp\/v2\/product_shipping_class?post=4069"}],"curies":[{"name":"wp","href":"https:\/\/api.w.org\/{rel}","templated":true}]}}