{"id":3001,"date":"2026-02-01T09:00:33","date_gmt":"2026-02-01T08:00:33","guid":{"rendered":"https:\/\/www.isoband.be\/?post_type=product&#038;p=3001"},"modified":"2026-03-18T14:22:40","modified_gmt":"2026-03-18T13:22:40","slug":"tesa-60950","status":"publish","type":"product","link":"https:\/\/www.isoband.be\/fr\/produit\/tesa-60950\/","title":{"rendered":"TESA 60950 | Antislip Tape ZWART"},"content":{"rendered":"<h5><span style=\"color: #808080;\"><strong>TESA 60950 APPLICATIONS PRINCIPALES<\/strong><\/span><span style=\"text-decoration: underline; color: #808080;\"><strong><br \/>\n<\/strong><\/span><span style=\"color: #a03033;\">* Applications int\u00e9rieures et ext\u00e9rieures<\/span><br \/>\n<span style=\"color: #a03033;\">* Applications n\u00e9cessitant une bonne prise pour les pieds<\/span><br \/>\n<span style=\"color: #a03033;\">* Fluorescent (<span class=\"lowercase\">TESA<\/span><sup>\u00ae<\/sup>\u00a090653) : reste lumineuse pendant une longue p\u00e9riode, \u00e0 des fins de s\u00e9curit\u00e9 et d'avertissement dans les pi\u00e8ces sombres<\/span><br \/>\n<span style=\"color: #a03033;\">* Transparent (<span class=\"lowercase\">TESA<\/span><sup>\u00ae<\/sup>\u00a090652) : s\u00e9curise les surfaces, par exemple les escaliers en bois, de mani\u00e8re discr\u00e8te.<\/span><br \/>\n<span style=\"color: #a03033;\">* Noir et jaune (<span class=\"lowercase\">TESA<\/span><sup>\u00ae<\/sup>\u00a090651) : marquage de surfaces tr\u00e8s lisses<\/span><\/h5>","protected":false},"excerpt":{"rendered":"<h5><span style=\"color: #808080;\"><strong><span style=\"color: #808080;\">TESA 60950 DESCRIPTION DU PRODUIT<br \/>\n<\/span><\/strong><\/span><span style=\"color: #a03033;\"><span class=\"lowercase\">TESA<sup>\u00ae<\/sup>\u00a0Le 60950 est un ruban antid\u00e9rapant qui convient \u00e0 de nombreuses applications.<br \/>\nLa bande antid\u00e9rapante est constitu\u00e9e d'un substrat en PVC recouvert d'une couche d'oxyde d'aluminium.<br \/>\nUn adh\u00e9sif acrylique puissant assure une bonne adh\u00e9rence \u00e0 la surface. L'effet antid\u00e9rapant reste efficace jusqu'\u00e0 2 ans dans les zones d'utilisation normale.<br \/>\nLe ruban, particuli\u00e8rement r\u00e9sistant \u00e0 l'abrasion, r\u00e9siste aux d\u00e9tergents, \u00e0 l'eau sal\u00e9e et peut \u00eatre arrach\u00e9 \u00e0 la main sans probl\u00e8me.<br \/>\nCertifi\u00e9 conform\u00e9ment \u00e0 la norme DIN 51130. TESA<sup>\u00ae<\/sup>\u00a060950 est la version noire du produit.<\/span><\/span><\/h5>\n<h5><span style=\"color: #a03033;\">VOUS VOULEZ ACHETER D'AUTRES CASSETTES TESA ? <a href=\"https:\/\/www.isoband.be\/fr\/commander-en-ligne\/nos-marques\/nos-marques-3\/\">CLIQUEZ ICI<\/a><\/span><\/h5>","protected":false},"featured_media":3068,"template":"","meta":{"rank_math_lock_modified_date":false},"product_cat":[5410],"product_tag":[],"product_shipping_class":[],"class_list":{"0":"post-3001","1":"product","2":"type-product","3":"status-publish","4":"has-post-thumbnail","6":"product_cat-tesa-special-tapes","8":"first","9":"instock","10":"taxable","11":"shipping-taxable","12":"purchasable","13":"product-type-variable"},"acf":[],"price":"18.50","price_html":null,"product_type":"variable","stock":"instock","image":"<img width=\"300\" height=\"300\" src=\"https:\/\/www.isoband.be\/wp-content\/uploads\/2025\/06\/TESA-60950-01-300x300.jpg\" class=\"attachment-woocommerce_thumbnail size-woocommerce_thumbnail\" alt=\"TESA 60950 kopen? Dan bent u bij ISOBAND aan het juiste adres! Niet voor de particulier.\" decoding=\"async\" srcset=\"https:\/\/www.isoband.be\/wp-content\/uploads\/2025\/06\/TESA-60950-01-300x300.jpg 300w, https:\/\/www.isoband.be\/wp-content\/uploads\/2025\/06\/TESA-60950-01-800x800.jpg 800w, https:\/\/www.isoband.be\/wp-content\/uploads\/2025\/06\/TESA-60950-01-100x100.jpg 100w\" sizes=\"(max-width: 300px) 100vw, 300px\" \/>","quantity":1,"_links":{"self":[{"href":"https:\/\/www.isoband.be\/fr\/wp-json\/wp\/v2\/product\/3001","targetHints":{"allow":["GET"]}}],"collection":[{"href":"https:\/\/www.isoband.be\/fr\/wp-json\/wp\/v2\/product"}],"about":[{"href":"https:\/\/www.isoband.be\/fr\/wp-json\/wp\/v2\/types\/product"}],"wp:featuredmedia":[{"embeddable":true,"href":"https:\/\/www.isoband.be\/fr\/wp-json\/wp\/v2\/media\/3068"}],"wp:attachment":[{"href":"https:\/\/www.isoband.be\/fr\/wp-json\/wp\/v2\/media?parent=3001"}],"wp:term":[{"taxonomy":"product_cat","embeddable":true,"href":"https:\/\/www.isoband.be\/fr\/wp-json\/wp\/v2\/product_cat?post=3001"},{"taxonomy":"product_tag","embeddable":true,"href":"https:\/\/www.isoband.be\/fr\/wp-json\/wp\/v2\/product_tag?post=3001"},{"taxonomy":"product_shipping_class","embeddable":true,"href":"https:\/\/www.isoband.be\/fr\/wp-json\/wp\/v2\/product_shipping_class?post=3001"}],"curies":[{"name":"wp","href":"https:\/\/api.w.org\/{rel}","templated":true}]}}