{"id":2557,"date":"2026-02-01T09:00:15","date_gmt":"2026-02-01T08:00:15","guid":{"rendered":"https:\/\/www.isoband.be\/?post_type=product&#038;p=2557"},"modified":"2026-02-18T13:44:28","modified_gmt":"2026-02-18T12:44:28","slug":"tesa-4671","status":"publish","type":"product","link":"https:\/\/www.isoband.be\/fr\/produit\/tesa-4671\/","title":{"rendered":"TESA 4671 | GECOATE TEXTIELTAPE MAT | ENTERTAINMENT | 280\u00b5m &#8211; 120 mesh"},"content":{"rendered":"<h5><span style=\"color: #808080;\"><strong>TESA 4671 APPLICATIONS PRINCIPALES<\/strong><\/span><span style=\"text-decoration: underline; color: #808080;\"><strong><br \/>\n<\/strong><\/span><span style=\"color: #a03033;\">* Le regroupement et le renforcement de tuyaux lourds, de profil\u00e9s, etc.<br \/>\n* Marquage au sol.<br \/>\n* Fixation des rev\u00eatements de sol lors des foires commerciales.<br \/>\n<span style=\"font-size: 7.81667px;\">*\u00a0<\/span>Fixation des ar\u00eates vives.<br \/>\n* Sceller des bo\u00eetes et des tubes ... et bien plus encore !<\/span><\/h5>","protected":false},"excerpt":{"rendered":"<h5><span style=\"color: #808080;\"><strong><span style=\"color: #808080;\">TESA 4671 DESCRIPTION DU PRODUIT<br \/>\n<span style=\"color: #a03033;\">Il s'agit d'un ruban textile r\u00e9sistant enduit d'acrylique. Il est bas\u00e9 sur un support en rayonne tiss\u00e9e de 120 mesh et un adh\u00e9sif en caoutchouc naturel. <\/span><br \/>\n<span style=\"color: #a03033;\">C'est le meilleur ruban gaffer de la gamme pour les applications \"arts et spectacles\". <\/span><\/span><\/strong><\/span><\/h5>\n<h5><span style=\"color: #a03033;\">CARACT\u00c9RISTIQUES : <sup><br \/>\n* <\/sup>Grande force d'adh\u00e9rence, m\u00eame sur des surfaces rugueuses<\/span><br \/>\n<span style=\"color: #a03033;\">* Excellente r\u00e9sistance \u00e0 la traction, inscriptible, conformable et facile \u00e0 enlever sans r\u00e9sidus d'adh\u00e9sif<\/span><br \/>\n<span style=\"color: #a03033;\">* Pas d'odeur d\u00e9sagr\u00e9able et des surfaces tr\u00e8s mates pour les couleurs noires et fluorescentes.<br \/>\n* Peut \u00eatre retir\u00e9 de presque toutes les surfaces sans laisser de r\u00e9sidus d'adh\u00e9sif.<br \/>\n* Disponible en 11 couleurs : noir, blanc, gris, rouge, bleu, vert, jaune. Le produit est \u00e9galement disponible en quatre couleurs fluorescentes sp\u00e9ciales : rose, orange, jaune et vert.<\/span><\/h5>\n<h5><span style=\"color: #a03033;\">VOUS VOULEZ ACHETER D'AUTRES CASSETTES TESA ? <a href=\"https:\/\/www.isoband.be\/fr\/commander-en-ligne\/nos-marques\/nos-marques-3\/\">CLIQUEZ ICI<\/a><\/span><\/h5>","protected":false},"featured_media":2602,"template":"","meta":{"rank_math_lock_modified_date":false},"product_cat":[5411],"product_tag":[],"product_shipping_class":[],"class_list":{"0":"post-2557","1":"product","2":"type-product","3":"status-publish","4":"has-post-thumbnail","6":"product_cat-tesa-duct-gaffa-en-textieltape","8":"first","9":"instock","10":"taxable","11":"shipping-taxable","12":"purchasable","13":"product-type-variable"},"acf":[],"price":"33.53","price_html":null,"product_type":"variable","stock":"instock","image":"<img width=\"300\" height=\"300\" src=\"https:\/\/www.isoband.be\/wp-content\/uploads\/2025\/06\/TESA-4671-01-300x300.jpg\" class=\"attachment-woocommerce_thumbnail size-woocommerce_thumbnail\" alt=\"TESA 4671 kopen? Dan bent u bij ISOBAND aan het juiste adres! Niet voor de particulier.\" decoding=\"async\" srcset=\"https:\/\/www.isoband.be\/wp-content\/uploads\/2025\/06\/TESA-4671-01-300x300.jpg 300w, https:\/\/www.isoband.be\/wp-content\/uploads\/2025\/06\/TESA-4671-01-800x800.jpg 800w, https:\/\/www.isoband.be\/wp-content\/uploads\/2025\/06\/TESA-4671-01-100x100.jpg 100w, https:\/\/www.isoband.be\/wp-content\/uploads\/2025\/06\/TESA-4671-01.jpg 370w\" sizes=\"(max-width: 300px) 100vw, 300px\" \/>","quantity":1,"_links":{"self":[{"href":"https:\/\/www.isoband.be\/fr\/wp-json\/wp\/v2\/product\/2557","targetHints":{"allow":["GET"]}}],"collection":[{"href":"https:\/\/www.isoband.be\/fr\/wp-json\/wp\/v2\/product"}],"about":[{"href":"https:\/\/www.isoband.be\/fr\/wp-json\/wp\/v2\/types\/product"}],"wp:featuredmedia":[{"embeddable":true,"href":"https:\/\/www.isoband.be\/fr\/wp-json\/wp\/v2\/media\/2602"}],"wp:attachment":[{"href":"https:\/\/www.isoband.be\/fr\/wp-json\/wp\/v2\/media?parent=2557"}],"wp:term":[{"taxonomy":"product_cat","embeddable":true,"href":"https:\/\/www.isoband.be\/fr\/wp-json\/wp\/v2\/product_cat?post=2557"},{"taxonomy":"product_tag","embeddable":true,"href":"https:\/\/www.isoband.be\/fr\/wp-json\/wp\/v2\/product_tag?post=2557"},{"taxonomy":"product_shipping_class","embeddable":true,"href":"https:\/\/www.isoband.be\/fr\/wp-json\/wp\/v2\/product_shipping_class?post=2557"}],"curies":[{"name":"wp","href":"https:\/\/api.w.org\/{rel}","templated":true}]}}