{"id":2257,"date":"2025-09-15T09:00:25","date_gmt":"2025-09-15T07:00:25","guid":{"rendered":"https:\/\/www.isoband.be\/?post_type=product&#038;p=2257"},"modified":"2025-11-23T09:41:17","modified_gmt":"2025-11-23T08:41:17","slug":"airtight-foil-50mmx25m","status":"publish","type":"product","link":"https:\/\/www.isoband.be\/fr\/produit\/airtight-foil-50mmx25m\/","title":{"rendered":"AIRTIGHT FOIL | 50mm x 25m | INDOOR"},"content":{"rendered":"<h5><span style=\"color: #a03033;\"><strong><span style=\"color: #808080;\">APPLICATIONS DE FILMS \u00c9TANCHES \u00c0 L'AIR<\/span><\/strong><\/span><\/h5>\n<h5><span style=\"color: #a03033;\">Collage \u00e9tanche \u00e0 l'air de divers substrats avec des pare-vapeur.<br \/>\nAdh\u00e8re \u00e0 presque tous les supports. A l'ext\u00e9rieur sur les panneaux OSB et les plaques de pl\u00e2tre, \u00e9galement sur :<br \/>\nPanneaux de fibres de ciment, b\u00e9ton, ma\u00e7onnerie, pl\u00e2tre, m\u00e9tal, plastique dur ...<br \/>\nIl est pr\u00e9f\u00e9rable de l'appliquer \u00e0 l'aide d'un rouleau en caoutchouc dur.<\/span><\/h5>\n<p>&nbsp;<\/p>\n<h5 style=\"padding-left: 90px; text-align: left;\"><strong><span style=\"color: #808080;\"><span style=\"color: #008000;\">\u00a0 \u00a0 \u00a0NOUS COUPONS DES TRONCS D'ARBRES<br \/>\nTOUTES LES LARGEURS SONT POSSIBLES<\/span><br \/>\n<\/span><\/strong><\/h5>","protected":false},"excerpt":{"rendered":"<h5><span style=\"color: #808080;\">Film LDPE VERT - 280\u00b5m<br \/>\nTEMPERATURE : - 40\u00b0C \u00e0 + 100\u00b0C<br \/>\nLE JOINT NE DOIT PAS DEVENIR HUMIDE.<br \/>\nUTILISATION INT\u00c9RIEURE<\/span><\/h5>\n<h5><span style=\"color: #a03033;\">ACHETER D'AUTRES DIMENSIONS ? <a href=\"https:\/\/www.isoband.be\/fr\/commander-en-ligne\/rubans-adhesifs\/rubans-adhesifs-construction-etanche-a-lair\/\">CLIQUEZ ICI<\/a><\/span><\/h5>","protected":false},"featured_media":2296,"template":"","meta":{"rank_math_lock_modified_date":false},"product_cat":[474],"product_tag":[],"product_shipping_class":[],"class_list":{"0":"post-2257","1":"product","2":"type-product","3":"status-publish","4":"has-post-thumbnail","6":"product_cat-kleefbandenluchtdicht-bouwen","8":"first","9":"instock","10":"taxable","11":"shipping-taxable","12":"purchasable","13":"product-type-variable"},"acf":[],"price":"11.60","price_html":null,"product_type":"variable","stock":"instock","image":"<img width=\"300\" height=\"300\" src=\"https:\/\/www.isoband.be\/wp-content\/uploads\/2025\/06\/AIRTIGHT-FOIL-02-300x300.jpg\" class=\"attachment-woocommerce_thumbnail size-woocommerce_thumbnail\" alt=\"AIRTIGHT FOIL kopen? Dan bent u bij ISOBAND aan het juiste adres! Niet voor de particulier.\" decoding=\"async\" srcset=\"https:\/\/www.isoband.be\/wp-content\/uploads\/2025\/06\/AIRTIGHT-FOIL-02-300x300.jpg 300w, https:\/\/www.isoband.be\/wp-content\/uploads\/2025\/06\/AIRTIGHT-FOIL-02-800x800.jpg 800w, https:\/\/www.isoband.be\/wp-content\/uploads\/2025\/06\/AIRTIGHT-FOIL-02-100x100.jpg 100w, https:\/\/www.isoband.be\/wp-content\/uploads\/2025\/06\/AIRTIGHT-FOIL-02.jpg 543w\" sizes=\"(max-width: 300px) 100vw, 300px\" \/>","quantity":1,"_links":{"self":[{"href":"https:\/\/www.isoband.be\/fr\/wp-json\/wp\/v2\/product\/2257","targetHints":{"allow":["GET"]}}],"collection":[{"href":"https:\/\/www.isoband.be\/fr\/wp-json\/wp\/v2\/product"}],"about":[{"href":"https:\/\/www.isoband.be\/fr\/wp-json\/wp\/v2\/types\/product"}],"wp:featuredmedia":[{"embeddable":true,"href":"https:\/\/www.isoband.be\/fr\/wp-json\/wp\/v2\/media\/2296"}],"wp:attachment":[{"href":"https:\/\/www.isoband.be\/fr\/wp-json\/wp\/v2\/media?parent=2257"}],"wp:term":[{"taxonomy":"product_cat","embeddable":true,"href":"https:\/\/www.isoband.be\/fr\/wp-json\/wp\/v2\/product_cat?post=2257"},{"taxonomy":"product_tag","embeddable":true,"href":"https:\/\/www.isoband.be\/fr\/wp-json\/wp\/v2\/product_tag?post=2257"},{"taxonomy":"product_shipping_class","embeddable":true,"href":"https:\/\/www.isoband.be\/fr\/wp-json\/wp\/v2\/product_shipping_class?post=2257"}],"curies":[{"name":"wp","href":"https:\/\/api.w.org\/{rel}","templated":true}]}}