{"id":1266,"date":"2025-06-27T10:02:14","date_gmt":"2025-06-27T08:02:14","guid":{"rendered":"https:\/\/www.isoband.be\/?post_type=product&#038;p=1266"},"modified":"2025-06-27T10:02:46","modified_gmt":"2025-06-27T08:02:46","slug":"kraftpapier-bruin","status":"publish","type":"product","link":"https:\/\/www.isoband.be\/fr\/produit\/kraftpapier-bruin\/","title":{"rendered":"Papier kraft BRUN"},"content":{"rendered":"<h5><span style=\"color: #808080\">PAPIER KRAFT BRUN NON BLANCHI, TR\u00c8S R\u00c9SISTANT GR\u00c2CE \u00c0 LA STRUCTURE DE SES FIBRES<\/span><br \/>\n<span style=\"color: #808080\">IL M\u00c9RITE AINSI SON NOM DE KRAFT (\"FORCE\" EN ALLEMAND).<\/span><br \/>\n<span style=\"color: #808080\">SANS CHLORE NI ACIDE<\/span><\/h5>\n<p>&nbsp;<\/p>\n<h5><span style=\"color: #a03033\">60 et 80gr\/m\u00b2 : Papier d'emballage.<br \/>\n<\/span><span style=\"color: #a03033\">120gr\/m\u00b2 : Papier d'emballage lourd ou \u00e0 motifs.<\/span><\/h5>\n<h5><span style=\"color: #808080\">\u00c9GALEMENT DISPONIBLE EN VERSION BLANCHE (\u00c9CRUE)<\/span><\/h5>","protected":false},"excerpt":{"rendered":"<h5><span style=\"color: #808080\">PAPIER KRAFT BRUN NON BLANCHI, TR\u00c8S R\u00c9SISTANT GR\u00c2CE \u00c0 LA STRUCTURE DE SES FIBRES<\/span><br \/>\n<span style=\"color: #808080\">IL M\u00c9RITE AINSI SON NOM DE KRAFT (\"FORCE\" EN ALLEMAND).<\/span><br \/>\n<span style=\"color: #808080\">SANS CHLORE NI ACIDE<\/span><\/h5>\n<p>&nbsp;<\/p>\n<h5><span style=\"color: #a03033\">60 et 80gr\/m\u00b2 : Papier d'emballage.<br \/>\n<\/span><span style=\"color: #a03033\">120gr\/m\u00b2 : Papier d'emballage lourd ou \u00e0 motifs.<\/span><\/h5>\n<h5><span style=\"color: #808080\">\u00c9GALEMENT DISPONIBLE EN VERSION BLANCHE (\u00c9CRUE)<\/span><\/h5>","protected":false},"featured_media":1302,"template":"","meta":{"rank_math_lock_modified_date":false},"product_cat":[],"product_tag":[],"product_shipping_class":[],"class_list":{"0":"post-1266","1":"product","2":"type-product","3":"status-publish","4":"has-post-thumbnail","7":"first","8":"outofstock","9":"taxable","10":"shipping-taxable","11":"product-type-simple"},"acf":[],"price":"","price_html":null,"product_type":"simple","stock":"outofstock","image":"<img width=\"300\" height=\"300\" src=\"https:\/\/www.isoband.be\/wp-content\/uploads\/2025\/06\/Kraftpapier-BRUIN-9-1-300x300.jpg\" class=\"attachment-woocommerce_thumbnail size-woocommerce_thumbnail\" alt=\"Kraftpapier BRUIN\" decoding=\"async\" srcset=\"https:\/\/www.isoband.be\/wp-content\/uploads\/2025\/06\/Kraftpapier-BRUIN-9-1-300x300.jpg 300w, https:\/\/www.isoband.be\/wp-content\/uploads\/2025\/06\/Kraftpapier-BRUIN-9-1-768x768.jpg 768w, https:\/\/www.isoband.be\/wp-content\/uploads\/2025\/06\/Kraftpapier-BRUIN-9-1-800x800.jpg 800w, https:\/\/www.isoband.be\/wp-content\/uploads\/2025\/06\/Kraftpapier-BRUIN-9-1-600x600.jpg 600w, https:\/\/www.isoband.be\/wp-content\/uploads\/2025\/06\/Kraftpapier-BRUIN-9-1-100x100.jpg 100w, https:\/\/www.isoband.be\/wp-content\/uploads\/2025\/06\/Kraftpapier-BRUIN-9-1.jpg 1500w\" sizes=\"(max-width: 300px) 100vw, 300px\" \/>","quantity":1,"_links":{"self":[{"href":"https:\/\/www.isoband.be\/fr\/wp-json\/wp\/v2\/product\/1266","targetHints":{"allow":["GET"]}}],"collection":[{"href":"https:\/\/www.isoband.be\/fr\/wp-json\/wp\/v2\/product"}],"about":[{"href":"https:\/\/www.isoband.be\/fr\/wp-json\/wp\/v2\/types\/product"}],"wp:featuredmedia":[{"embeddable":true,"href":"https:\/\/www.isoband.be\/fr\/wp-json\/wp\/v2\/media\/1302"}],"wp:attachment":[{"href":"https:\/\/www.isoband.be\/fr\/wp-json\/wp\/v2\/media?parent=1266"}],"wp:term":[{"taxonomy":"product_cat","embeddable":true,"href":"https:\/\/www.isoband.be\/fr\/wp-json\/wp\/v2\/product_cat?post=1266"},{"taxonomy":"product_tag","embeddable":true,"href":"https:\/\/www.isoband.be\/fr\/wp-json\/wp\/v2\/product_tag?post=1266"},{"taxonomy":"product_shipping_class","embeddable":true,"href":"https:\/\/www.isoband.be\/fr\/wp-json\/wp\/v2\/product_shipping_class?post=1266"}],"curies":[{"name":"wp","href":"https:\/\/api.w.org\/{rel}","templated":true}]}}