{"id":1141,"date":"2025-09-15T09:00:41","date_gmt":"2025-09-15T07:00:41","guid":{"rendered":"https:\/\/www.isoband.be\/?post_type=product&#038;p=1141"},"modified":"2025-11-21T08:23:12","modified_gmt":"2025-11-21T07:23:12","slug":"puinzakken","status":"publish","type":"product","link":"https:\/\/www.isoband.be\/fr\/produit\/sacs-a-gravats\/","title":{"rendered":"Sacs \u00e0 gravats"},"content":{"rendered":"<h5><span style=\"color: #a03033;\"><span style=\"color: #808080;\">APPLICATIONS DES SACS \u00c0 GRAVATS<br \/>\n<span style=\"color: #a03033;\">Pour d\u00e9blayer les d\u00e9bris, les d\u00e9chets de construction ...<br \/>\nsans que le sac ne se d\u00e9chire.<\/span><\/span><\/span><\/h5>","protected":false},"excerpt":{"rendered":"<h5><span style=\"color: #a03033;\"><span style=\"color: #808080;\">SACS \u00c0 GRAVATS DESCRIPTION DU PRODUIT<br \/>\n<span style=\"color: #a03033;\">SACS EN PLASTIQUE DE QUALIT\u00c9 EXTRA-FORTE (LDPE)<\/span><\/span><\/span><\/h5>\n<h5><span style=\"color: #a03033;\">ACHETER D'AUTRES SACS ? <a href=\"https:\/\/www.isoband.be\/fr\/commander-en-ligne\/produits-de-construction\/produits-de-construction-sacs-en-plastique\/\">CLIQUEZ ICI<\/a><\/span><\/h5>","protected":false},"featured_media":1560,"template":"","meta":{"rank_math_lock_modified_date":false},"product_cat":[453,544],"product_tag":[],"product_shipping_class":[],"class_list":{"0":"post-1141","1":"product","2":"type-product","3":"status-publish","4":"has-post-thumbnail","6":"product_cat-bouwproductenplastic-zakken","7":"product_cat-plastic-zakkenpuinzakken","9":"first","10":"instock","11":"taxable","12":"shipping-taxable","13":"purchasable","14":"product-type-variable"},"acf":[],"price":"0.80","price_html":null,"product_type":"variable","stock":"instock","image":"<img width=\"300\" height=\"300\" src=\"https:\/\/www.isoband.be\/wp-content\/uploads\/2025\/06\/Puinzakken-1-300x300.jpg\" class=\"attachment-woocommerce_thumbnail size-woocommerce_thumbnail\" alt=\"PUINZAKKEN kopen? Dan bent u bij ISOBAND aan het juiste adres! Niet voor de particulier.\" decoding=\"async\" srcset=\"https:\/\/www.isoband.be\/wp-content\/uploads\/2025\/06\/Puinzakken-1-300x300.jpg 300w, https:\/\/www.isoband.be\/wp-content\/uploads\/2025\/06\/Puinzakken-1-800x800.jpg 800w, https:\/\/www.isoband.be\/wp-content\/uploads\/2025\/06\/Puinzakken-1-600x600.jpg 600w, https:\/\/www.isoband.be\/wp-content\/uploads\/2025\/06\/Puinzakken-1-100x100.jpg 100w, https:\/\/www.isoband.be\/wp-content\/uploads\/2025\/06\/Puinzakken-1.jpg 700w\" sizes=\"(max-width: 300px) 100vw, 300px\" \/>","quantity":1,"_links":{"self":[{"href":"https:\/\/www.isoband.be\/fr\/wp-json\/wp\/v2\/product\/1141","targetHints":{"allow":["GET"]}}],"collection":[{"href":"https:\/\/www.isoband.be\/fr\/wp-json\/wp\/v2\/product"}],"about":[{"href":"https:\/\/www.isoband.be\/fr\/wp-json\/wp\/v2\/types\/product"}],"wp:featuredmedia":[{"embeddable":true,"href":"https:\/\/www.isoband.be\/fr\/wp-json\/wp\/v2\/media\/1560"}],"wp:attachment":[{"href":"https:\/\/www.isoband.be\/fr\/wp-json\/wp\/v2\/media?parent=1141"}],"wp:term":[{"taxonomy":"product_cat","embeddable":true,"href":"https:\/\/www.isoband.be\/fr\/wp-json\/wp\/v2\/product_cat?post=1141"},{"taxonomy":"product_tag","embeddable":true,"href":"https:\/\/www.isoband.be\/fr\/wp-json\/wp\/v2\/product_tag?post=1141"},{"taxonomy":"product_shipping_class","embeddable":true,"href":"https:\/\/www.isoband.be\/fr\/wp-json\/wp\/v2\/product_shipping_class?post=1141"}],"curies":[{"name":"wp","href":"https:\/\/api.w.org\/{rel}","templated":true}]}}